{"id":3,"date":"2020-09-08T10:06:36","date_gmt":"2020-09-08T10:06:36","guid":{"rendered":"http:\/\/expertconsulting.ro\/?page_id=3"},"modified":"2020-12-09T12:51:10","modified_gmt":"2020-12-09T12:51:10","slug":"politica-de-confidentialitate","status":"publish","type":"page","link":"https:\/\/expertconsulting.ro\/en\/politica-de-confidentialitate\/","title":{"rendered":"Politic\u0103 de confiden\u021bialitate"},"content":{"rendered":"<section class=\"wpb-content-wrapper\"><section class=\"vc_section\">\n<div  data-mk-full-width=\"true\" data-mk-full-width-init=\"false\" data-mk-stretch-content=\"true\" class=\"wpb_row vc_row vc_row-fluid jupiter-donut- mk-fullwidth-true  attched-false     js-master-row  mk-full-content-true\">\n\t\t\t\t\n<div class=\"vc_col-sm-12 wpb_column column_container  jupiter-donut- _ jupiter-donut-height-full\">\n\t<div style=\"opacity: 1 !important; background-color:rgba(47,76,142,0.58);\" class=\"mk-video-color-mask\"><\/div>    <div id=\"mk-page-title-box-2\" class=\"mk-page-title-box   mk-background-stretch  jupiter-donut-\"data-mk-img-set='{\"landscape\":{\"desktop\":\"https:\/\/expertconsulting.ro\/wp-content\/uploads\/2020\/09\/s1-2.jpg\",\"tablet\":\"https:\/\/expertconsulting.ro\/wp-content\/uploads\/2020\/09\/s1-2-1024x768.jpg\",\"mobile\":\"https:\/\/expertconsulting.ro\/wp-content\/uploads\/2020\/09\/s1-2-736x414.jpg\"},\"responsive\":\"true\"}'    >                <div class=\"mk-page-title-box-content\" >            <div class=\"mk-grid\">                <h1 class=\"mk-page-title-box-title mk-page-title-box-title--underline\">Privacy Policy<\/h1>                <div class=\"mk-page-title-box-subtitle\"><\/div>            <\/div>        <\/div><!-- mk-page-title-box-content -->    <\/div><!-- mk-page-title-box --><\/div>\n\t<\/div>\n<div class=\"vc_row-full-width vc_clearfix\"><\/div><\/section><section class=\"vc_section vc_custom_1597241532837\">\n<div  data-mk-full-width=\"true\" data-mk-full-width-init=\"false\" class=\"wpb_row vc_row vc_row-fluid jupiter-donut- mk-fullwidth-true  attched-false    vc_custom_1596169355232  js-master-row\">\n\t\t\t<div class=\"mk-grid\">\n\t\t\t\t\n<div class=\"vc_col-sm-12 wpb_column column_container  jupiter-donut- _ jupiter-donut-height-full\">\n\t\t<div class=\"vc_custom_1607518196395\">\n\n<div id=\"text-block-4\" class=\"mk-text-block  jupiter-donut-\">\n\n\t\n\t<p><strong>Politica de Securitate a Prelucr\u0103rii Datelor cu Caracter Personal<\/strong><\/p>\n<p>\u00cen conformitate cu prevederile\u00a0REGULAMENTULUI (UE) 2016\/679 al PARLAMENTULUI EUROPEAN \u0219i al CONSILIULUI din 27 aprilie 2016 privind protec\u021bia persoanelor fizice \u00een ceea ce prive\u0219te prelucrarea datelor cu caracter personal \u0219i privind libera circula\u021bie a acestor date \u0219i de abrogare a Directivei 95\/46\/CE(Regulamentul general privind protec\u021bia datelor) \u0219i a prevederilor<em>\u00a0Legii nr. 677\/21.11.2001 pentru protec\u021bia persoanelor cu privire la prelucrarea datelor cu caracter personal \u0219i libera circula\u021bie a acestor date,<\/em><\/p>\n<p><strong>S.C. Expert Consulting<\/strong> <strong>S.R.L.<\/strong>\u00a0cu sediul \u00een Timi\u0219oara, strada Madrid nr. 22;\u00a0 cod unic de \u00eenregistrare 12649100, atribut fiscal RO, num\u0103r de ordine \u00een Registrul Comer\u021bului J35\/71\/2000, cont bancar nr. RO96BACX0000004539970002 deschis la Unicredit Bank Timi\u0219oara, reprezentat\u0103 legal prin\u00a0<strong>VOAIDES CRISTINA VIOLETA<\/strong>, \u00een calitate de Administrator,\u00a0<strong>prelucreaz\u0103 date cu caracter personal \u00een scopuri legitime, cu respectarea prevederilor legale \u0219i a principiilor men\u021bionate \u00een continuare.<\/strong><\/p>\n<p>Prelucrarea datelor cu caracter personal se realizeaz\u0103 prin mijloace manuale \u0219i \u00een condi\u021bii care s\u0103 asigure securitatea, confiden\u021bialitatea \u0219i respectarea drepturilor persoanelor vizate.<\/p>\n<ol>\n<li><strong>DEFINI\u0162II<\/strong><\/li>\n<\/ol>\n<p><strong>DATE CU CARACTER PERSONAL<\/strong>: orice informa\u021bii referitoare la o persoan\u0103 fizic\u0103 identificat\u0103 sau identificabil\u0103; o persoan\u0103 identificabil\u0103 este acea persoan\u0103 care poate fi identificat\u0103, direct sau indirect, \u00een mod particular prin referire la un num\u0103r de identificare ori la unul sau la mai mul\u021bi factori specifici identit\u0103\u021bii sale fizice, fiziologice, psihice, economice, culturale sau sociale;<\/p>\n<p><strong>CONSIM\u0162\u0102M\u00c2NT:<\/strong>\u00a0acordul neviciat al persoanei vizate de a-i fi prelucrate datele cu caracter personal, care trebuie s\u0103 fie \u00eentotdeauna expres \u0219i neechivoc;<\/p>\n<p><strong>PRELUCRAREA DATELOR CU CARACTER PERSONAL:<\/strong>\u00a0orice opera\u021biune sau set de opera\u021biuni care se efectueaz\u0103 asupra datelor cu caracter personal, prin mijloace automate sau neautomate, cum ar fi colectarea, \u00eenregistrarea, organizarea, stocarea, adaptarea ori modificarea, extragerea, consultarea, utilizarea, dezv\u0103luirea c\u0103tre ter\u021bi prin transmitere, diseminare sau \u00een orice alt mod, al\u0103turarea ori combinarea, blocarea, \u0219tergerea sau distrugerea;<\/p>\n<p><strong>OPERATOR:<\/strong>\u00a0orice persoan\u0103 fizic\u0103 sau juridic\u0103, de drept privat ori de drept public, inclusiv autorit\u0103\u021bile publice, institu\u021biile \u0219i structurile teritoriale ale acestora, care stabile\u0219te scopul \u015fi mijloacele de prelucrare a datelor cu caracter personal;<\/p>\n<p><strong>PERSOAN\u0102 VIZAT\u0102:<\/strong>\u00a0persoana fizic\u0103 ale c\u0103rei date cu caracter personal sunt prelucrate;<\/p>\n<p><strong>UTILIZATOR:<\/strong>\u00a0orice persoan\u0103 care ac\u021bioneaz\u0103 sub autoritatea operatorului cu drept recunoscut de acces la bazele de date cu caracter personal.<\/p>\n<ol>\n<li><strong>PRINCIPII ALE PRELUCR\u0102RII DATELOR CU CARACTER PERSONAL<\/strong><\/li>\n<\/ol>\n<p><strong>Notificarea<\/strong>:<\/p>\n<p><strong>Expert Consulting<\/strong> a notificat\u00a0<strong>Autoritatea Na\u021bional\u0103 de Supraveghere a Prelucr\u0103rii Datelor cu Caracter Personal<\/strong>\u00a0cu privire la faptul c\u0103 prelucreaz\u0103 date cu caracter personal.<\/p>\n<p><strong>Legalitatea<\/strong>: prelucrarea datelor cu caracter personal se realizeaz\u0103 cu bun\u0103 credin\u021b\u0103, \u00een temeiul \u0219i \u00een conformitate cu prevederile legale;<\/p>\n<p><strong>Scopul bine determinat<\/strong>: orice prelucrare de date cu caracter personal se face \u00een scopuri bine determinate, explicite \u015fi legitime, adecvate, pertinente \u015fi neexcesive prin raportare la scopul \u00een care sunt colectate;<\/p>\n<p><strong>Confiden\u021bialitatea<\/strong>: persoanele care prelucreaz\u0103, \u00een numele <strong>Expert Consulting<\/strong>, date cu caracter personal au luat la cuno\u0219tin\u021b\u0103 de caracterul confiden\u021bial al acestor date \u0219i au primit instruc\u021biuni clare cu privire la modul de operare al acestora;<\/p>\n<p><strong>Consim\u021b\u0103m\u00e2ntul persoanei vizate<\/strong>: orice prelucrare de date cu caracter personal, cu excep\u021bia prelucr\u0103rilor care vizeaz\u0103 date din categoriile men\u021bionate in Regulamentul (UE) 2016\/679 \u0219i \u00een Legea nr. 677\/2001 \u0219i alte date prev\u0103zute de acte normative, este realizat\u0103 cu acordul persoanei vizate;<\/p>\n<p><strong>Acurate\u021bea datelor:<\/strong>\u00a0<strong>Expert Consulting<\/strong> va lua m\u0103surile necesare pentru ca datele inexacte sau incomplete din punct de vedere al scopului pentru care sunt colectate s\u0103 fie rectificate sau \u0219terse, dac\u0103 este cazul;<\/p>\n<p><strong>Informarea<\/strong>: \u00eenainte de prelucrarea datelor cu caracter personal, <strong>Expert Consulting<\/strong> va aduce la cuno\u0219tin\u021b\u0103 persoanelor vizate faptul c\u0103 li se vor prelucra datele cu caracter personal;<\/p>\n<p><strong>Stocarea<\/strong>: datele cu caracter personal nu se stocheaz\u0103 pentru o perioad\u0103 mai lung\u0103 dec\u00e2t este necesar pentru realizarea scopurilor \u00een care au fost colectate, respectiv dec\u00e2t prevederile legale;<\/p>\n<p><strong>Protejarea persoanelor vizate<\/strong>: persoanele vizate au dreptul de acces la datele care sunt prelucrate, de a interveni asupra acestora, de opozi\u021bie \u0219i de a nu fi supuse unei decizii individuale, precum \u0219i dreptul de a se adresa Autorit\u0103\u021bii Na\u021bionale de Supraveghere a Prelucr\u0103rii Datelor cu Caracter Personal sau instan\u021bei de judecat\u0103 pentru ap\u0103rarea oric\u0103ror drepturi garantate de lege, care le-au fost \u00eenc\u0103lcate;<\/p>\n<p><strong>Securitatea<\/strong>: m\u0103surile tehnice \u0219i organizatorice de securitate a datelor cu caracter personal sunt stabilite pentru protejarea datelor cu caracter personal \u00eempotriva distrugerii accidentale sau ilegale, pierderii, modific\u0103rii, dezv\u0103luirii sau accesului neautorizat. Posibilitatea de alterare a datelor accesate este protejat\u0103 prin firewall\u00a0precum \u0219i de solu\u021bii antivirus actualizat permanent c\u0103t \u0219i pe serverul societ\u0103\u021bii care este protejat \u00een permanen\u021b\u0103.<\/p>\n<ol>\n<li><strong>POLITICA PRELUCR\u0102RII DATELOR CU CARACTER PERSONAL<\/strong><\/li>\n<\/ol>\n<p>\u00cen conformitate cu prevederile\u00a0REGULAMENTULUI (UE) 2016\/679 al PARLAMENTULUI EUROPEAN \u0219i al CONSILIULUI din 27 aprilie 2016 privind protec\u021bia persoanelor fizice \u00een ceea ce prive\u0219te prelucrarea datelor cu caracter personal \u0219i privind libera circula\u021bie a acestor date \u0219i de abrogare a Directivei 95\/46\/CE (Regulamentul general privind protec\u021bia datelor) si cu dispozi\u021biile Legii nr. 677\/2001 pentru protec\u021bia persoanelor cu privire la prelucrarea datelor cu caracter personal \u0219i libera circula\u021bie a acestor date,\u00a0<strong>Expert Consulting<\/strong> va prelucra datele cu caracter personal exclusiv \u00een scopurile men\u021bionate mai jos, asigur\u00e2nd un nivel de protec\u021bie \u0219i de securitate adecvat.<\/p>\n<p>Datele cu caracter personal (date de identitate, adres\u0103, cod numeric personal, locul na\u0219terii, numele p\u0103rin\u021bilor, numele so\u021bilor, date privind nivelul de educa\u021bie, etnie sau orice alte asemenea date), colectate de la persoana vizat\u0103, vor fi prelucrate \u0219i utilizate de <strong>Expert Consulting<\/strong>, numai dac\u0103\u00a0<strong>numai dac\u0103 persoana vizat\u0103 \u0219i-a dat consim\u021b\u0103m\u00e2ntul \u00een mod expres \u0219i neechivoc pentru aceasta prelucrare.<\/strong><\/p>\n<p>Consim\u021b\u0103m\u00e2ntul persoanei vizate nu este cerut \u00een urm\u0103toarele cazuri:<\/p>\n<ol>\n<li>a) c\u00e2nd prelucrarea este necesar\u0103 \u00een vederea execut\u0103rii unui contract sau antecontract la care persoana vizat\u0103 este parte ori \u00een vederea lu\u0103rii unor m\u0103suri, la cererea acesteia, \u00eenaintea \u00eencheierii unui contract sau antecontract;<\/li>\n<li>b) c\u00e2nd prelucrarea este necesar\u0103 \u00een vederea protej\u0103rii vie\u021bii, integrit\u0103\u021bii fizice sau s\u0103n\u0103t\u0103\u021bii persoanei vizate ori a unei alte persoane amenin\u021bate;<\/li>\n<li>c) c\u00e2nd prelucrarea este necesar\u0103 \u00een vederea \u00eendeplinirii unei obliga\u021bii legale a operatorului;<\/li>\n<li>d) c\u00e2nd prelucrarea este necesar\u0103 \u00een vederea aducerii la \u00eendeplinire a unor m\u0103suri de interes public sau care vizeaz\u0103 exercitarea prerogativelor de autoritate public\u0103 cu care este investit operatorul sau ter\u021bul c\u0103ruia \u00eei sunt dezv\u0103luite datele;<\/li>\n<li>e) c\u00e2nd prelucrarea este necesar\u0103 \u00een vederea realiz\u0103rii unui interes legitim al operatorului sau al ter\u021bului c\u0103ruia \u00eei sunt dezv\u0103luite datele, cu condi\u021bia ca acest interes s\u0103 nu prejudicieze interesul sau drepturile \u0219i libert\u0103\u021bile fundamentale ale persoanei vizate;<\/li>\n<li>f) c\u00e2nd prelucrarea prive\u0219te date ob\u021binute din documente accesibile publicului, conform legii;<\/li>\n<li>g) c\u00e2nd prelucrarea este f\u0103cut\u0103 exclusiv \u00een scopuri statistice, de cercetare istoric\u0103 sau \u0219tiin\u021bific\u0103, iar datele r\u0103m\u00e2n anonime pe toat\u0103 durata prelucr\u0103rii.<\/li>\n<\/ol>\n<p>Informa\u021biile \u0219i datele personale necesare pentru desf\u0103\u0219urarea activit\u0103\u021bii noastre:<\/p>\n<ul>\n<li>Date pentru \u00eencheierea contractelor de prest\u0103ri servicii;<\/li>\n<li>Date pentru organizarea evenimentelor de marketing \u0219i Training-uri;<\/li>\n<li>Date necesare \u00een vederea transmiterii unor informa\u021bii \u0219i comunic\u0103ri de marketing (newsletter, invita\u021bii la evenimente, inform\u0103ri privind serviciile noastre);<\/li>\n<li>Date ale persoanelor ce se \u00eenscriu la programele de formare profesional\u0103 organizate;<\/li>\n<li>Datele cu caracter personal colectate de la angaja\u021bii societ\u0103\u021bii prelucrate doar \u00een scopul derul\u0103rii contractelor de munc\u0103 \u0219i al activit\u0103\u021bilor prestate de c\u0103tre ace\u0219tia fa\u021b\u0103 de societate;<\/li>\n<li>Datele cu caracter personal colectate de la parteneri si colaboratori cu care Denkstatt Rom\u00e2nia are stabilite rela\u021bii de colaborare ca apartenen\u021ba la grupuri profesionale sau re\u021bele profesionale.<\/li>\n<\/ul>\n<p>vor fi folosite de <strong>Expert Consulting<\/strong> numai \u00een scopul declarat al acestei politici.<\/p>\n<ol>\n<li><strong>SCOPUL COLECT\u0102RII DATELOR<\/strong><\/li>\n<\/ol>\n<p>Datele cu caracter personal colectate \u0219i prelucrate pentru diferite proiecte pe care societatea <strong>Expert Consulting<\/strong> le desf\u0103\u0219oar\u0103, nu pot fi transferate c\u0103tre o alt\u0103 entitate juridic\u0103 din Romania, din alt\u0103 \u021bar\u0103 sau teritoriu din afara UE \u0219i SEE, dec\u00e2t autorit\u0103\u021bilor publice centrale\/locale sau altor autorit\u0103\u021bi de control al proiectelor derulate, datele fiind colectate \u0219i prelucrate \u00een perioada desf\u0103\u0219ur\u0103rii activit\u0103\u021bilor proiectelor. Acestea pot fi doar parte din necesit\u0103\u021bile de raportare pentru dovedirea apartenen\u021bei la grupul \u021bint\u0103 a persoanelor c\u0103rora le-au fost cerute, pentru diferite proiecte din cadrul unor programe pe fonduri structurale.<\/p>\n<p>Datele cu caracter personal (adresa de e-mail, telefon, eventual pe diferite considera\u021bii alte date necesare din punct de vedere legal), colectate de la persoana vizat\u0103, pot fi prelucrate \u0219i utilizate de c\u0103tre <strong>Expert Consulting<\/strong> \u00een scopul:<\/p>\n<ul>\n<li>\u00cencheierii contractelor de prest\u0103ri servicii cu clien\u021bii (persoane fizice \u0219i juridice) \u0219i pentru emiterea facturilor corespunz\u0103toare activit\u0103\u021bilor prestate,<\/li>\n<li>Pentru derularea activit\u0103\u021bilor de marketing, transmiterii unor informa\u021bii \u0219i comunic\u0103ri de marketing (newsletter, invita\u021bii la evenimente, inform\u0103ri privind serviciile Denkstatt Rom\u00e2nia),<\/li>\n<li>Pentru activit\u0103\u021bile de formare profesional\u0103: formular de \u00eenscriere, contract de formare profesional\u0103, facturi, registru matricol unic, catalogul participan\u021bilor, adeverin\u021be eliberate la cerere, documenta\u021bie specific\u0103 examenului de absolvire, certificate de calificare\/absolvire, diplome de participare, borderou certificate absolvire, registru de eviden\u021b\u0103 nominal\u0103 a eliber\u0103rii a certificatelor de calificare\/ absolvire, precum \u0219i orice alte documente solicitate de organismele de reglementare,<\/li>\n<li>Oper\u0103rii documentelor de angajare \u00een cadrul activit\u0103\u021bii societ\u0103\u021bii, \u00een scopul derul\u0103rii contractelor de munc\u0103 \u0219i a activit\u0103\u021bilor prestate de c\u0103tre ace\u0219tia fa\u021b\u0103 de societate,<\/li>\n<li>Diferitelor activit\u0103\u021bi \u00een cadrul re\u021belelor profesionale din care societatea face parte.<\/li>\n<\/ul>\n<ol>\n<li><strong>SECURITATEA DATELOR CU CARACTER PERSONAL<\/strong><\/li>\n<\/ol>\n<p><strong>Expert Consulting<\/strong> \u00eendepline\u0219te cerin\u021bele de securitate a datelor cu caracter personal. Pentru a proteja datele cu caracter personal de distrugerea accidental\u0103 sau ilegal\u0103, de pierderea sau alterarea acestora \u0219i de accesul unor persoane neautorizate, <strong>Expert Consulting<\/strong> utilizeaz\u0103 metode \u0219i tehnologii de securitate pentru a proteja datele cu caracter personal colectate conform prevederilor legale \u00een vigoare.<\/p>\n<p>Datele cu caracter personal, c\u00e2t \u0219i prelucr\u0103rile acestora vor fi stocate pe suport electronic \u00een zona securizat\u0103 a serverului societ\u0103\u021bii c\u00e2t \u0219i pe suport de h\u00e2rtie \u00een zone bine definite, aceste zone av\u00e2nd acces restric\u021bionat.<\/p>\n<p>Se vor lua m\u0103surile tehnice \u0219i organizatorice (procedurale) adecvate pentru protejarea datelor cu caracter personal \u00eempotriva distrugerii accidentale sau ilegale, pierderii, modific\u0103rii, dezv\u0103luirii sau accesului neautorizat.<\/p>\n<p><strong>5.1 IDENTIFICAREA \u0218I AUTENTIFICAREA UTILIZATORILOR<\/strong><\/p>\n<p>Conducerea <strong>Expert Consulting<\/strong> a desemnat o\u00a0<strong>persoana responsabil\u0103 cu protec\u021bia datelor <\/strong>pentru opera\u021biunile de prelucrare de date cu caracter personal.<\/p>\n<p>Accesul la computerele la care vor fi prelucrate datele cu caracter personal este restric\u021bionat cu cont de utilizator \u0219i parol\u0103, iar accesul unui utilizator la cont va fi automat refuzat de sistemul informa\u021bional dup\u0103 3 introduceri gre\u0219ite ale parolei. Schimbarea parolei se face numai de c\u0103tre utilizator. La introducerea parolei aceasta nu este afi\u0219at\u0103 clar pe monitor.<\/p>\n<p><strong>5.2 COLECTAREA DATELOR<\/strong><\/p>\n<p>Colectarea datelor cu caracter personal se face prin introducerea direct\u0103 de c\u0103tre persoana vizat\u0103 (persoana fizic\u0103 sau juridic\u0103) a datelor din contractele de prest\u0103ri servicii, prin completarea formularelor de confirmare a particip\u0103rii la evenimentele de marketing \u0219i a training-urilor organizate, prin completarea formularelor de \u00eenscriere \u0219i a contractelor de formare profesional\u0103, precum \u0219i a altor tipuri de contracte.<\/p>\n<p>Orice modificare a datelor cu caracter personal se poate face numai de c\u0103tre responsabilul cu protec\u021bia datelor. Acestuia i-a fost adus la cuno\u0219tin\u021b\u0103 faptul c\u0103 datele cu caracter personal care sunt prelucrate sunt confiden\u021biale, precum \u0219i riscurile pe care le comport\u0103 prelucrarea datelor cu caracter personal.<\/p>\n<p><strong>5.3 ALTE M\u0102SURI DE SIGURAN\u021a\u0102<\/strong><\/p>\n<p>Pentru men\u021binerea securit\u0103\u021bii prelucr\u0103rii datelor cu caracter personal (\u00een special \u00eempotriva viru\u0219ilor informatici) <strong>Expert Consulting<\/strong> va lua m\u0103suri care vor consta \u00een:<\/p>\n<ul>\n<li>interzicerea folosirii de c\u0103tre utilizatori a programelor software care provin din surse externe nesigure;<\/li>\n<li>informarea utilizatorilor \u00een privin\u021ba pericolului privind viru\u0219ii informatici;<\/li>\n<li>implementarea unor sisteme automate de devirusare \u0219i de securitate a sistemelor informatice;<\/li>\n<li>scoaterea la imprimant\u0103 a datelor cu caracter personal se va realiza de c\u0103tre utilizatori, numai \u00een scopul pentru care au fost colectate;<\/li>\n<li>se va evita folosirea tastei \u201cPrint Screen\u201d de c\u0103tre utilizatori \u00een timpul unei sesiuni de lucru;<\/li>\n<li>utilizatorii sunt obliga\u021bi s\u0103 \u00ee\u0219i \u00eenchid\u0103 sesiunea de lucru \u0219i calculatorul atunci c\u00e2nd p\u0103r\u0103sesc locul de munc\u0103;<\/li>\n<li>trimestrial computerele sunt verificate de c\u0103tre exper\u021bi IT \u00een vederea evit\u0103rii oric\u0103ror disfunc\u021bionalit\u0103\u021bi.<\/li>\n<\/ul>\n<p>Datele cu caracter personal prelucrate \u0219i utilizate de <strong>Expert Consulting<\/strong> se vor stoca pe suport electronic \u0219i\/sau arhiva pe suport h\u00e2rtie, pe perioada necesar\u0103 pentru realizarea scopurilor \u00een care au fost colectate, cu excep\u021bia situa\u021biilor \u00een care prevederile legale prev\u0103d termene exprese.<\/p>\n<ol>\n<li><strong>DREPTURILE PERSOANEI VIZATE<\/strong><\/li>\n<\/ol>\n<p>\u00cen conformitate cu prevederile REGULAMENTULUI (UE) 2016\/679 al PARLAMENTULUI EUROPEAN \u0219i al CONSILIULUI din 27 aprilie 2016 privind protec\u021bia persoanelor fizice \u00een ceea ce prive\u0219te prelucrarea datelor cu caracter personal \u0219i privind libera circula\u021bie a acestor date \u0219i de abrogare a Directivei 95\/46\/CE (Regulamentul general privind protec\u021bia datelor) \u0219i dispozi\u021biile Legii nr. 677\/2001, persoanele \u00eenregistrate, \u00een calitate de persoane vizate, au urm\u0103toarele drepturi:<\/p>\n<ol>\n<li><em>Dreptul la informare<\/em>\u2013 dreptul de a ob\u021bine de la <strong>Expert Consulting<\/strong>, la cerere \u0219i \u00een mod gratuit pentru o solicitare pe an, confirmarea faptului c\u0103 datele care o privesc sunt sau nu prelucrate de <strong>Expert Consulting<\/strong>;<\/li>\n<li><em>Dreptul de acces la date cu caracter personal<\/em>\u2013 dreptul de a ob\u021bine de la <strong>Expert Consulting<\/strong>, la cerere \u015fi \u00een mod gratuit, rectificarea, actualizarea, blocarea sau \u0219tergerea datelor cu caracter personal prelucrate de <strong>Expert Consulting<\/strong>, \u00een special a datelor incomplete sau inexacte, pe baza actelor doveditoare;<\/li>\n<li><em>Dreptul de interven\u021bie asupra datelor cu caracter personal<\/em>\u2013 dreptul de a ob\u021bine de la <strong>Expert Consulting<\/strong>, la cerere \u0219i \u00een mod gratuit, transformarea \u00een date anonime a datelor a c\u0103ror prelucrare nu este conform\u0103 legisla\u021biei;<\/li>\n<li><em>Dreptul de opozi\u021bie<\/em>\u2013 dreptul de a se opune \u00een orice moment, din motive \u00eentemeiate \u015fi legitime, ca datele care o vizeaz\u0103 s\u0103 fac\u0103 obiectul unei prelucr\u0103ri, cu excep\u021bia cazurilor \u00een care exist\u0103 dispozi\u021bii legale contrare;<\/li>\n<li><em>Dreptul de a nu fi supus unei decizii individuale<\/em>\u2013 orice persoan\u0103 are dreptul de a cere \u0219i de a ob\u021bine:\u00a0retragerea sau anularea oric\u0103rei decizii care produce efecte juridice \u00een privin\u021ba sa, adoptat\u0103 exclusiv pe baza unei prelucr\u0103ri de date cu caracter personal, efectuat\u0103 prin mijloace automate, destinat\u0103 s\u0103 evalueze unele aspecte ale personalit\u0103\u021bii sale, precum competenta profesional\u0103, credibilitatea, comportamentul s\u0103u ori alte asemenea aspecte; reevaluarea oric\u0103rei alte decizii luate \u00een privin\u021ba sa, care o afecteaz\u0103 \u00een mod semnificativ, dac\u0103 decizia a fost adoptat\u0103 exclusiv pe baza unei prelucr\u0103ri de date care \u00eentrune\u0219te condi\u021biile prev\u0103zute la lit. a);<\/li>\n<li><em>Dreptul de a se adresa justi\u021biei <\/em>pentru ap\u0103rarea oric\u0103ror drepturi garantate care au fost \u00eenc\u0103lcate.<\/li>\n<\/ol>\n<ol start=\"7\">\n<li><strong> TRANSFERUL \u00ceN STR\u0102IN\u0102TATE A DATELOR CU CARACTER PERSONAL<\/strong><\/li>\n<\/ol>\n<p>Pentru mai multe detalii \u0219i informa\u021bii orice persoan\u0103 interesat\u0103 se poate adresa\u00a0<strong><em>Autorit\u0103\u021bii Na\u0163ionale de Supraveghere a Prelucr\u0103rii Datelor cu Caracter Personal<\/em><\/strong>, av\u00e2nd urm\u0103toarele date de contact:<\/p>\n<p><em>Adres\u0103: Bd Gheorghe Magheru nr. 28-30, Sector 1, cod po\u015ftal 010336, Bucure\u015fti, Rom\u00e2nia<\/em><\/p>\n<p><em>Tel: +40.318.059.211; +40.318.059.212; Fax. +40.318.059.602<\/em><\/p>\n<p><em>Adresa web: http:\/\/www.dataprotection.ro\/<\/em><\/p>\n<p>Pentru a reclama nerespectarea drepturilor garantate persoanele vizate se pot adresa <strong>Expert Consulting<\/strong>, iar \u00een situa\u021bia \u00een care nu se rezolv\u0103 solicitarea, Autorit\u0103\u021bii Na\u021bionale de Supraveghere a Prelucr\u0103rii Datelor cu Caracter Personal sau\/\u0219i instan\u021belor de judecat\u0103.<\/p>\n<p>Prezenta Politic\u0103 de securitate a prelucr\u0103rilor de date cu caracter personal intr\u0103 \u00een vigoare la data de\u00a0<strong>24.05.2018<\/strong>.<\/p>\n<p><strong>ADMINISTRATOR SC EXPERT CONSULTING SRL<\/strong><\/p>\n<p><strong>VOAIDE\u0218 CRISTINA VIOLETA<\/strong><\/p>\n\n\t<div class=\"clearboth\"><\/div>\n<\/div>\n\n\t<\/div>\n<\/div>\n\t\t\t<\/div>\n\t<\/div>\n<div class=\"vc_row-full-width vc_clearfix\"><\/div><\/section>\n<\/section>","protected":false},"excerpt":{"rendered":"Politica de confidentialitate Politica de Securitate a Prelucr\u0103rii Datelor cu Caracter Personal \u00cen conformitate cu prevederile\u00a0REGULAMENTULUI (UE) 2016\/679 al PARLAMENTULUI EUROPEAN \u0219i al CONSILIULUI din 27 aprilie 2016 privind protec\u021bia persoanelor fizice \u00een ceea ce prive\u0219te prelucrarea datelor cu caracter personal \u0219i privind libera circula\u021bie a acestor date \u0219i de abrogare a Directivei 95\/46\/CE(Regulamentul general [...]","protected":false},"author":1,"featured_media":0,"parent":0,"menu_order":0,"comment_status":"closed","ping_status":"open","template":"","meta":{"footnotes":""},"_links":{"self":[{"href":"https:\/\/expertconsulting.ro\/en\/wp-json\/wp\/v2\/pages\/3"}],"collection":[{"href":"https:\/\/expertconsulting.ro\/en\/wp-json\/wp\/v2\/pages"}],"about":[{"href":"https:\/\/expertconsulting.ro\/en\/wp-json\/wp\/v2\/types\/page"}],"author":[{"embeddable":true,"href":"https:\/\/expertconsulting.ro\/en\/wp-json\/wp\/v2\/users\/1"}],"replies":[{"embeddable":true,"href":"https:\/\/expertconsulting.ro\/en\/wp-json\/wp\/v2\/comments?post=3"}],"version-history":[{"count":2,"href":"https:\/\/expertconsulting.ro\/en\/wp-json\/wp\/v2\/pages\/3\/revisions"}],"predecessor-version":[{"id":280,"href":"https:\/\/expertconsulting.ro\/en\/wp-json\/wp\/v2\/pages\/3\/revisions\/280"}],"wp:attachment":[{"href":"https:\/\/expertconsulting.ro\/en\/wp-json\/wp\/v2\/media?parent=3"}],"curies":[{"name":"wp","href":"https:\/\/api.w.org\/{rel}","templated":true}]}}