{"id":299,"date":"2020-12-14T08:18:21","date_gmt":"2020-12-14T08:18:21","guid":{"rendered":"http:\/\/expertconsulting.ro\/?page_id=299"},"modified":"2023-08-31T08:29:17","modified_gmt":"2023-08-31T08:29:17","slug":"catalin-mirea-2","status":"publish","type":"page","link":"https:\/\/expertconsulting.ro\/en\/catalin-mirea-2\/","title":{"rendered":"Catalin Mirea"},"content":{"rendered":"<section class=\"wpb-content-wrapper\"><section class=\"vc_section\">\n<div  data-mk-full-width=\"true\" data-mk-full-width-init=\"false\" data-mk-stretch-content=\"true\" class=\"wpb_row vc_row vc_row-fluid jupiter-donut- mk-fullwidth-true  attched-false     js-master-row  mk-full-content-true\">\n\t\t\t\t\n<div class=\"vc_col-sm-12 wpb_column column_container  jupiter-donut- _ jupiter-donut-height-full\">\n\t<div style=\"opacity: 1 !important; background-color:rgba(47,76,142,0.58);\" class=\"mk-video-color-mask\"><\/div>    <div id=\"mk-page-title-box-2\" class=\"mk-page-title-box   mk-background-stretch  jupiter-donut-\"data-mk-img-set='{\"landscape\":{\"desktop\":\"https:\/\/expertconsulting.ro\/wp-content\/uploads\/2020\/12\/echipa.jpg\",\"tablet\":\"https:\/\/expertconsulting.ro\/wp-content\/uploads\/2020\/12\/echipa-1024x768.jpg\",\"mobile\":\"https:\/\/expertconsulting.ro\/wp-content\/uploads\/2020\/12\/echipa-736x414.jpg\"},\"responsive\":\"true\"}'    >                <div class=\"mk-page-title-box-content\" >            <div class=\"mk-grid\">                <h1 class=\"mk-page-title-box-title\">Expert Consulting Team<\/h1>                <div class=\"mk-page-title-box-subtitle\"><\/div>            <\/div>        <\/div><!-- mk-page-title-box-content -->    <\/div><!-- mk-page-title-box --><\/div>\n\t<\/div>\n<div class=\"vc_row-full-width vc_clearfix\"><\/div><\/section><section class=\"vc_section vc_custom_1597241532837\">\n<div  data-mk-full-width=\"true\" data-mk-full-width-init=\"false\" class=\"wpb_row vc_row vc_row-fluid jupiter-donut- mk-fullwidth-true  attched-false    vc_custom_1596169355232  js-master-row\">\n\t\t\t<div class=\"mk-grid\">\n\t\t\t\t\n<div class=\"vc_col-sm-9 wpb_column column_container  jupiter-donut- _ jupiter-donut-height-full\">\n\t\n\n<div class=\"wpb_row vc_inner vc_row vc_row-fluid jupiter-donut-   attched-false\">\n\t\t\t<div class=\"wpb_column vc_column_container vc_col-sm-6\"><div class=\"vc_column-inner\"><div class=\"wpb_wrapper\">\n<div id=\"padding-4\" class=\"mk-padding-divider jupiter-donut-  jupiter-donut-clearfix\"><\/div>\n\n\n<h2 id=\"fancy-title-5\" class=\"mk-fancy-title  simple-style jupiter-donut-  color-single\">\n\t<span>\n\t\t\t\t<p>Catalin Mirea<\/p>\n\t\t\t<\/span>\n<\/h2>\n<div class=\"clearboth\"><\/div>\n\n\n\n\n<h2 id=\"fancy-title-6\" class=\"mk-fancy-title  simple-style jupiter-donut-  color-single\">\n\t<span>\n\t\t\t\t<p>Consultant<\/p>\n\t\t\t<\/span>\n<\/h2>\n<div class=\"clearboth\"><\/div>\n\n\n\n<\/div><\/div><\/div><div class=\"wpb_column vc_column_container vc_col-sm-6\"><div class=\"vc_column-inner\"><div class=\"wpb_wrapper\">\n\t<div  class=\"wpb_single_image wpb_content_element vc_align_center\">\n\t\t\n\t\t<figure class=\"wpb_wrapper vc_figure\">\n\t\t\t<div class=\"vc_single_image-wrapper   vc_box_border_grey\"><img width=\"300\" height=\"300\" src=\"https:\/\/expertconsulting.ro\/wp-content\/uploads\/2021\/02\/catalin-mirea-300x300.jpg\" class=\"vc_single_image-img attachment-medium\" alt=\"\" decoding=\"async\" title=\"catalin-mirea\" loading=\"lazy\" srcset=\"https:\/\/expertconsulting.ro\/wp-content\/uploads\/2021\/02\/catalin-mirea-300x300.jpg 300w, https:\/\/expertconsulting.ro\/wp-content\/uploads\/2021\/02\/catalin-mirea-150x150.jpg 150w, https:\/\/expertconsulting.ro\/wp-content\/uploads\/2021\/02\/catalin-mirea-12x12.jpg 12w, https:\/\/expertconsulting.ro\/wp-content\/uploads\/2021\/02\/catalin-mirea-1024x1024.jpg 1024w, https:\/\/expertconsulting.ro\/wp-content\/uploads\/2021\/02\/catalin-mirea.jpg 500w\" sizes=\"(max-width: 300px) 100vw, 300px\" itemprop=\"image\" \/><\/div>\n\t\t<\/figure>\n\t<\/div>\n<\/div><\/div><\/div>\t<\/div>\n<div class=\"vc_separator wpb_content_element vc_separator_align_center vc_sep_width_100 vc_sep_border_width_2 vc_sep_pos_align_left vc_separator_no_text\" ><span class=\"vc_sep_holder vc_sep_holder_l\"><span style=\"border-color:#2f4c8e;\" class=\"vc_sep_line\"><\/span><\/span><span class=\"vc_sep_holder vc_sep_holder_r\"><span style=\"border-color:#2f4c8e;\" class=\"vc_sep_line\"><\/span><\/span>\n<\/div>\t<div class=\"vc_custom_1693470552660\">\n\n<div id=\"text-block-7\" class=\"mk-text-block  jupiter-donut-\">\n\n\t\n\t<p>A graduate of West Timisoara University, Faculty of Economics, general Economics, Catalin Mirea feels a lucky man every day: he has a wonderful family, a successful child, warm friends and competent colleagues who always prove that they are good teammates.<\/p>\n<p>Optimism and positivism are feelings that always accompany him in his personal life and professional activity, making him a motivated and hopeful man<\/p>\n<p>An undeniable career advantage is the fact that he has had and often has people who helped him and are helping him to evolve, to want more and not to give up when obstacles arise. Preventive spirit does not admit that dangerous and bad things can happen, taking retroactive measures to prevent their occurrence.<\/p>\n<p>Critical and analytical spirit, Catalin has stood out since 2008 in the field of consulting, and national and European funds, the general areas of competence being aimed at: regional development, rural development, entrepreneurship, and human resource development.<\/p>\n<p>The pride of the career is given by the projects elaborated and implemented, those directed directly on the increase of the quality of life of the population (health services, educational services and food services) occupying the primordial place.<\/p>\n<p>Experienced project manager, Catalin knows the secrets of collaboration with project teams, internal and external, being a spirit of dissemination to teammates, based on the reality often encountered \"in practice\".<\/p>\n<p>Engaged in various international projects (South East Europe, IPA RO-SE, HU RO CBC, Climate Kick), he knows the culture and lifestyle of the peoples of European countries, taking from professional practice elements stipulated in the EU Treaties, with application nationally.<\/p>\n<p>The dual education system represents an area of interest for C\u0103t\u0103lin, the collaboration with the authorities for the programming and realization of the interventions, on various fields of activity being realized constantly, during approximately 1 year.<\/p>\n<p>These areas of activity are still in his sphere of interest and he is constantly trying to develop his skills, in order to be able to disseminate them among those interested, information meant to support them in carrying out their own activities, especially related to development.<\/p>\n<p>The following motto is best suited to highlight the position that Catalin has and will always have in front of the people he meets: \u201cThe value of a man should be seen in what he gives and not what he is able to recieve\u201d (Albert Einstein).<\/p>\n\n\t<div class=\"clearboth\"><\/div>\n<\/div>\n\n\t<\/div>\n<\/div>\n\n<div class=\"vc_col-sm-3 wpb_column column_container  jupiter-donut- _ jupiter-donut-height-full\">\n\t<div  class=\"vc_wp_custommenu wpb_content_element\"><div class=\"widget widget_nav_menu\"><h2 class=\"widgettitle\">Our Team<\/h2><div class=\"menu-echipa-container\"><ul id=\"menu-echipa\" class=\"menu\"><li id=\"menu-item-323\" class=\"menu-item menu-item-type-post_type menu-item-object-page menu-item-323\"><a href=\"https:\/\/expertconsulting.ro\/en\/marian-mocan\/\">Marian Mocan<\/a><\/li>\n<li id=\"menu-item-322\" class=\"menu-item menu-item-type-post_type menu-item-object-page menu-item-322\"><a href=\"https:\/\/expertconsulting.ro\/en\/cristina-voaides-2\/\">Cristina Voaides<\/a><\/li>\n<li id=\"menu-item-321\" class=\"menu-item menu-item-type-post_type menu-item-object-page menu-item-321\"><a href=\"https:\/\/expertconsulting.ro\/en\/catalin-mirea-2\/\">Catalin Mirea<\/a><\/li>\n<li id=\"menu-item-320\" class=\"menu-item menu-item-type-post_type menu-item-object-page menu-item-320\"><a href=\"https:\/\/expertconsulting.ro\/en\/simona-gaita\/\">Simona Gaita<\/a><\/li>\n<li id=\"menu-item-318\" class=\"menu-item menu-item-type-post_type menu-item-object-page menu-item-318\"><a href=\"https:\/\/expertconsulting.ro\/en\/anadela-glingeanu\/\">Anadela Glingeanu<\/a><\/li>\n<li id=\"menu-item-317\" class=\"menu-item menu-item-type-post_type menu-item-object-page menu-item-317\"><a href=\"https:\/\/expertconsulting.ro\/en\/nadia-sehabi\/\">Nadia \u0218ehabi<\/a><\/li>\n<li id=\"menu-item-316\" class=\"menu-item menu-item-type-post_type menu-item-object-page menu-item-316\"><a href=\"https:\/\/expertconsulting.ro\/en\/denisa-vaszko\/\">Denisa Vaszko<\/a><\/li>\n<\/ul><\/div><\/div><\/div>\n<aside id=\"mk-sidebar\" class=\"jupiter-donut-\">\n\t<div class=\"sidebar-wrapper\" style=\"padding:0;\">\n\t\t\t<\/div>\n<\/aside>\n\n<\/div>\n\t\t\t<\/div>\n\t<\/div>\n<div class=\"vc_row-full-width vc_clearfix\"><\/div><\/section>\n<\/section>","protected":false},"excerpt":{"rendered":"Echipa Expert Consulting Catalin Mirea Consultant Absolvent al Universit\u0103\u021bii de Vest Timi\u0219oara, Facultatea de Stiin\u021be Economice, sec\u021bia Economie general\u0103, C\u0103t\u0103lin Mirea se simte zilnic un om norocos: are o familie minunat\u0103, un copil reu\u0219it, prieteni calzi \u0219i colegi competen\u021bi care dovedesc de fiecare dat\u0103 c\u0103 sunt buni coechipieri. Optimismul \u0219i pozitivismul sunt tr\u0103iri care \u00eel [...]","protected":false},"author":1,"featured_media":0,"parent":0,"menu_order":0,"comment_status":"closed","ping_status":"closed","template":"","meta":{"footnotes":""},"_links":{"self":[{"href":"https:\/\/expertconsulting.ro\/en\/wp-json\/wp\/v2\/pages\/299"}],"collection":[{"href":"https:\/\/expertconsulting.ro\/en\/wp-json\/wp\/v2\/pages"}],"about":[{"href":"https:\/\/expertconsulting.ro\/en\/wp-json\/wp\/v2\/types\/page"}],"author":[{"embeddable":true,"href":"https:\/\/expertconsulting.ro\/en\/wp-json\/wp\/v2\/users\/1"}],"replies":[{"embeddable":true,"href":"https:\/\/expertconsulting.ro\/en\/wp-json\/wp\/v2\/comments?post=299"}],"version-history":[{"count":6,"href":"https:\/\/expertconsulting.ro\/en\/wp-json\/wp\/v2\/pages\/299\/revisions"}],"predecessor-version":[{"id":513,"href":"https:\/\/expertconsulting.ro\/en\/wp-json\/wp\/v2\/pages\/299\/revisions\/513"}],"wp:attachment":[{"href":"https:\/\/expertconsulting.ro\/en\/wp-json\/wp\/v2\/media?parent=299"}],"curies":[{"name":"wp","href":"https:\/\/api.w.org\/{rel}","templated":true}]}}