{"id":294,"date":"2020-12-14T08:13:07","date_gmt":"2020-12-14T08:13:07","guid":{"rendered":"http:\/\/expertconsulting.ro\/?page_id=294"},"modified":"2023-08-31T08:29:45","modified_gmt":"2023-08-31T08:29:45","slug":"cristina-voaides-2","status":"publish","type":"page","link":"https:\/\/expertconsulting.ro\/en\/cristina-voaides-2\/","title":{"rendered":"Cristina Voaides"},"content":{"rendered":"<section class=\"wpb-content-wrapper\"><section class=\"vc_section\">\n<div  data-mk-full-width=\"true\" data-mk-full-width-init=\"false\" data-mk-stretch-content=\"true\" class=\"wpb_row vc_row vc_row-fluid jupiter-donut- mk-fullwidth-true  attched-false     js-master-row  mk-full-content-true\">\n\t\t\t\t\n<div class=\"vc_col-sm-12 wpb_column column_container  jupiter-donut- _ jupiter-donut-height-full\">\n\t<div style=\"opacity: 1 !important; background-color:rgba(47,76,142,0.58);\" class=\"mk-video-color-mask\"><\/div>    <div id=\"mk-page-title-box-2\" class=\"mk-page-title-box   mk-background-stretch  jupiter-donut-\"data-mk-img-set='{\"landscape\":{\"desktop\":\"https:\/\/expertconsulting.ro\/wp-content\/uploads\/2020\/12\/echipa.jpg\",\"tablet\":\"https:\/\/expertconsulting.ro\/wp-content\/uploads\/2020\/12\/echipa-1024x768.jpg\",\"mobile\":\"https:\/\/expertconsulting.ro\/wp-content\/uploads\/2020\/12\/echipa-736x414.jpg\"},\"responsive\":\"true\"}'    >                <div class=\"mk-page-title-box-content\" >            <div class=\"mk-grid\">                <h1 class=\"mk-page-title-box-title\">Expert Consulting Team<\/h1>                <div class=\"mk-page-title-box-subtitle\"><\/div>            <\/div>        <\/div><!-- mk-page-title-box-content -->    <\/div><!-- mk-page-title-box --><\/div>\n\t<\/div>\n<div class=\"vc_row-full-width vc_clearfix\"><\/div><\/section><section class=\"vc_section vc_custom_1597241532837\">\n<div  data-mk-full-width=\"true\" data-mk-full-width-init=\"false\" class=\"wpb_row vc_row vc_row-fluid jupiter-donut- mk-fullwidth-true  attched-false    vc_custom_1596169355232  js-master-row\">\n\t\t\t<div class=\"mk-grid\">\n\t\t\t\t\n<div class=\"vc_col-sm-9 wpb_column column_container  jupiter-donut- _ jupiter-donut-height-full\">\n\t\n\n<div class=\"wpb_row vc_inner vc_row vc_row-fluid jupiter-donut-   attched-false\">\n\t\t\t<div class=\"wpb_column vc_column_container vc_col-sm-6\"><div class=\"vc_column-inner\"><div class=\"wpb_wrapper\">\n<div id=\"padding-4\" class=\"mk-padding-divider jupiter-donut-  jupiter-donut-clearfix\"><\/div>\n\n\n<h2 id=\"fancy-title-5\" class=\"mk-fancy-title  simple-style jupiter-donut-  color-single\">\n\t<span>\n\t\t\t\t<p>Cristina Voaides<\/p>\n\t\t\t<\/span>\n<\/h2>\n<div class=\"clearboth\"><\/div>\n\n\n\n\n<h2 id=\"fancy-title-6\" class=\"mk-fancy-title  simple-style jupiter-donut-  color-single\">\n\t<span>\n\t\t\t\t<p>Training and Consultancy Manager<\/p>\n\t\t\t<\/span>\n<\/h2>\n<div class=\"clearboth\"><\/div>\n\n\n\n<\/div><\/div><\/div><div class=\"wpb_column vc_column_container vc_col-sm-6\"><div class=\"vc_column-inner\"><div class=\"wpb_wrapper\">\n\t<div  class=\"wpb_single_image wpb_content_element vc_align_center\">\n\t\t\n\t\t<figure class=\"wpb_wrapper vc_figure\">\n\t\t\t<div class=\"vc_single_image-wrapper   vc_box_border_grey\"><img width=\"300\" height=\"300\" src=\"https:\/\/expertconsulting.ro\/wp-content\/uploads\/2020\/12\/cristina-voaides-300x300.jpg\" class=\"vc_single_image-img attachment-medium\" alt=\"\" decoding=\"async\" title=\"cristina-voaides\" loading=\"lazy\" srcset=\"https:\/\/expertconsulting.ro\/wp-content\/uploads\/2020\/12\/cristina-voaides-300x300.jpg 300w, https:\/\/expertconsulting.ro\/wp-content\/uploads\/2020\/12\/cristina-voaides-150x150.jpg 150w, https:\/\/expertconsulting.ro\/wp-content\/uploads\/2020\/12\/cristina-voaides-1024x1024.jpg 1024w, https:\/\/expertconsulting.ro\/wp-content\/uploads\/2020\/12\/cristina-voaides.jpg 500w\" sizes=\"(max-width: 300px) 100vw, 300px\" itemprop=\"image\" \/><\/div>\n\t\t<\/figure>\n\t<\/div>\n<\/div><\/div><\/div>\t<\/div>\n<div class=\"vc_separator wpb_content_element vc_separator_align_center vc_sep_width_100 vc_sep_border_width_2 vc_sep_pos_align_left vc_separator_no_text\" ><span class=\"vc_sep_holder vc_sep_holder_l\"><span style=\"border-color:#2f4c8e;\" class=\"vc_sep_line\"><\/span><\/span><span class=\"vc_sep_holder vc_sep_holder_r\"><span style=\"border-color:#2f4c8e;\" class=\"vc_sep_line\"><\/span><\/span>\n<\/div>\t<div class=\"vc_custom_1693468051703\">\n\n<div id=\"text-block-7\" class=\"mk-text-block  jupiter-donut-\">\n\n\t\n\t<p class=\"rtejustify\" style=\"text-align: left;\"><strong>Arie de expertiz\u0103: <\/strong>Proiecte de investi\u021bii agricole \u0219i non-agricole \u00een mediul rural (finan\u021bate prin PNDR) \u0219i de cooperare transfrontalier\u0103 (RO-SE, RO-HU).<\/p>\n<p class=\"rtejustify\" style=\"text-align: justify;\"><strong>Contact<\/strong>: <a href=\"mailto:cvoaides@expertconsulting.ro\">cvoaides@expertconsulting.ro<\/a><\/p>\n<p style=\"text-align: left;\">Este decan de vechime \u00een activitatea de consultant din firm\u0103, dup\u0103 Marian Mocan, iar \u00een to\u021bi ace\u0219ti 10 ani \u0219i-a asumat proiecte de investi\u021bii agricole \u0219i non-agricole \u00een mediul rural (finan\u021bate prin PNDR) \u0219i de cooperare transfrontalier\u0103 (RO-SE, RO-HU).<\/p>\n<p style=\"text-align: justify;\">Cristina este absolvent\u0103 a Universit\u0103\u021bii de Vest din Timi\u0219oara, Facultatea de Turism &#8211; Servicii, \u0219i a masterului Management \u0219i Marketing \u00een Turism. Alte acredit\u0103ri relevante pentru activitatea desf\u0103\u0219urat\u0103 la Expert Consulting: Management, Manager de Proiect, Expert Achizi\u021bii Publice, Formator.<\/p>\n<p style=\"text-align: justify;\">Cristina se face u\u0219or pl\u0103cut\u0103 clien\u021bilor, perform\u00e2nd at\u00e2t \u00een men\u021binerea rela\u021biilor business cu clien\u021bii, c\u00e2t \u0219i \u00een promovarea \u0219i v\u00e2nzarea serviciilor firmei. Colegii au remarcat c\u0103 prime\u0219te cele mai multe flori de la clienti, de 8 Martie.<\/p>\n<p style=\"text-align: justify;\">Adev\u0103rat &#8216;diplomat&#8217;, pentru c\u0103 st\u0103p\u00e2ne\u0219te arta conversa\u021biei \u00een public \u0219i dialogheaz\u0103 eficient cu interlocutorii, adapt\u00e2ndu-se la astept\u0103rile \u0219i la stilul de comunicare al acestora.<\/p>\n<p style=\"text-align: justify;\">Capabil\u0103 s\u0103 cultive rela\u021bia de afaceri cu fiecare client, p\u0103str\u00e2nd contactul permanent cu ace\u0219tia, astfel \u00eenc\u00e2t s\u0103 se asigure c\u0103 sunt respectate termenele aferente fiec\u0103rei etape a proiectului, iar eforturile ei de a compensa deficitul de informa\u021bii specializate de care dispun clien\u021bii \u0219i de a clarifica rolul \u0219i contribu\u021bia acestora la succesul propriilor lor proiecte dau roade.<\/p>\n<p style=\"text-align: justify;\">Autonoma \u00een activitate, de\u0219i recunoa\u0219te faptul c\u0103 echipa te ajut\u0103 atunci c\u00e2nd \u00eent\u00e2mpini dificult\u0103\u021bi pe plan personal, psihologic sau emo\u021bional, \u0219i te sus\u021bine c\u00e2nd ai mai mult de lucru sau cand e\u0219ti sub presiunea termenelor limit\u0103, mai ales pe partea administrativ\u0103, de multiplicare, preg\u0103tire \u0219i verificare a documenta\u021biei.<\/p>\n<p style=\"text-align: justify;\">Con\u0219tiincioas\u0103 \u0219i perfec\u021bionist\u0103, Cristina \u0219i-a fixat targetul de a fi v\u0103zut\u0103 ca un bun profesionist \u0219i consultant \u00een aria ei de expertiz\u0103 \u0219i de specializare. Fiind un excelent profesionist, ea caut\u0103 \u0219i gase\u0219te \u00eentotdeauna solu\u021bii alternative la orice problem\u0103 ridicata de client \u0219i devenind at\u00e2t partenerul clien\u021bilor, c\u00e2t \u0219i al finan\u021batorilor.<\/p>\n<p style=\"text-align: justify;\">A finalizat cu succes mari proiecte, derulate \u00eempreun\u0103 cu beneficiari publici \u0219i priva\u021bi, dovada competen\u021bei fiind aceea ca, multumi\u021bi, clien\u021bii au revenit.<\/p>\n<p style=\"text-align: justify;\">Experien\u021ba a ajutat-o s\u0103 \u00ee\u0219i creeze \u0219abloane \u0219i modele de lucru adaptabile de la un proiect la altul, a \u00eenva\u021bat-o s\u0103 interpreteze \u0219i s\u0103 analizeze un bilan\u021b \u0219i \u0103 aprofundeze un domeniu complex ce integreaz\u0103 produc\u021bia agricol\u0103, procesarea produselor prin industria alimentar\u0103, investi\u021biile publice din mediul rural, turismul prin pensiuni agroturistice \u0219i protec\u021bia mediului.<\/p>\n<p class=\"rtejustify\" style=\"text-align: justify;\">Cel mai mult o motiveaz\u0103 reu\u0219ita &#8216;proiectelor sale&#8217;, momentele c\u00e2nd trece pe l\u00e2ng\u0103 pensiunile \u0219i fabricile ridicate cu banii atra\u0219i de ea, c\u00e2nd circul\u0103 pe str\u0103zile care erau de p\u0103m\u00e2nt, dar au fost asfaltate cu fondurile c\u00e2\u0219tigate prin proiectele coordonate de ea.<\/p>\n\n\t<div class=\"clearboth\"><\/div>\n<\/div>\n\n\t<\/div>\n<\/div>\n\n<div class=\"vc_col-sm-3 wpb_column column_container  jupiter-donut- _ jupiter-donut-height-full\">\n\t<div  class=\"vc_wp_custommenu wpb_content_element\"><div class=\"widget widget_nav_menu\"><h2 class=\"widgettitle\">Our Team<\/h2><div class=\"menu-echipa-container\"><ul id=\"menu-echipa\" class=\"menu\"><li id=\"menu-item-323\" class=\"menu-item menu-item-type-post_type menu-item-object-page menu-item-323\"><a href=\"https:\/\/expertconsulting.ro\/en\/marian-mocan\/\">Marian Mocan<\/a><\/li>\n<li id=\"menu-item-322\" class=\"menu-item menu-item-type-post_type menu-item-object-page menu-item-322\"><a href=\"https:\/\/expertconsulting.ro\/en\/cristina-voaides-2\/\">Cristina Voaides<\/a><\/li>\n<li id=\"menu-item-321\" class=\"menu-item menu-item-type-post_type menu-item-object-page menu-item-321\"><a href=\"https:\/\/expertconsulting.ro\/en\/catalin-mirea-2\/\">Catalin Mirea<\/a><\/li>\n<li id=\"menu-item-320\" class=\"menu-item menu-item-type-post_type menu-item-object-page menu-item-320\"><a href=\"https:\/\/expertconsulting.ro\/en\/simona-gaita\/\">Simona Gaita<\/a><\/li>\n<li id=\"menu-item-318\" class=\"menu-item menu-item-type-post_type menu-item-object-page menu-item-318\"><a href=\"https:\/\/expertconsulting.ro\/en\/anadela-glingeanu\/\">Anadela Glingeanu<\/a><\/li>\n<li id=\"menu-item-317\" class=\"menu-item menu-item-type-post_type menu-item-object-page menu-item-317\"><a href=\"https:\/\/expertconsulting.ro\/en\/nadia-sehabi\/\">Nadia \u0218ehabi<\/a><\/li>\n<li id=\"menu-item-316\" class=\"menu-item menu-item-type-post_type menu-item-object-page menu-item-316\"><a href=\"https:\/\/expertconsulting.ro\/en\/denisa-vaszko\/\">Denisa Vaszko<\/a><\/li>\n<\/ul><\/div><\/div><\/div>\n<aside id=\"mk-sidebar\" class=\"jupiter-donut-\">\n\t<div class=\"sidebar-wrapper\" style=\"padding:0;\">\n\t\t\t<\/div>\n<\/aside>\n\n<\/div>\n\t\t\t<\/div>\n\t<\/div>\n<div class=\"vc_row-full-width vc_clearfix\"><\/div><\/section>\n<\/section>","protected":false},"excerpt":{"rendered":"Echipa Expert Consulting Cristina Voaides Director instruire si consultanta Arie de expertiz\u0103: Proiecte de investi\u021bii agricole \u0219i non-agricole \u00een mediul rural (finan\u021bate prin PNDR) \u0219i de cooperare transfrontalier\u0103 (RO-SE, RO-HU). Contact: cvoaides@expertconsulting.ro Este decan de vechime \u00een activitatea de consultant din firm\u0103, dup\u0103 Marian Mocan, iar \u00een to\u021bi ace\u0219ti 10 ani \u0219i-a asumat proiecte de [...]","protected":false},"author":1,"featured_media":0,"parent":0,"menu_order":0,"comment_status":"closed","ping_status":"closed","template":"","meta":{"footnotes":""},"_links":{"self":[{"href":"https:\/\/expertconsulting.ro\/en\/wp-json\/wp\/v2\/pages\/294"}],"collection":[{"href":"https:\/\/expertconsulting.ro\/en\/wp-json\/wp\/v2\/pages"}],"about":[{"href":"https:\/\/expertconsulting.ro\/en\/wp-json\/wp\/v2\/types\/page"}],"author":[{"embeddable":true,"href":"https:\/\/expertconsulting.ro\/en\/wp-json\/wp\/v2\/users\/1"}],"replies":[{"embeddable":true,"href":"https:\/\/expertconsulting.ro\/en\/wp-json\/wp\/v2\/comments?post=294"}],"version-history":[{"count":8,"href":"https:\/\/expertconsulting.ro\/en\/wp-json\/wp\/v2\/pages\/294\/revisions"}],"predecessor-version":[{"id":514,"href":"https:\/\/expertconsulting.ro\/en\/wp-json\/wp\/v2\/pages\/294\/revisions\/514"}],"wp:attachment":[{"href":"https:\/\/expertconsulting.ro\/en\/wp-json\/wp\/v2\/media?parent=294"}],"curies":[{"name":"wp","href":"https:\/\/api.w.org\/{rel}","templated":true}]}}